{"id":1033,"date":"2024-07-30T08:32:14","date_gmt":"2024-07-30T08:32:14","guid":{"rendered":"https:\/\/tv10kobanya.hu\/?page_id=1033"},"modified":"2024-10-14T08:19:42","modified_gmt":"2024-10-14T08:19:42","slug":"videoink","status":"publish","type":"page","link":"https:\/\/tv10kobanya.hu\/en\/videoink\/","title":{"rendered":"Vide\u00f3ink"},"content":{"rendered":"<div data-elementor-type=\"wp-page\" data-elementor-id=\"1033\" class=\"elementor elementor-1033\" data-elementor-post-type=\"page\">\n\t\t\t\t<div class=\"elementor-element elementor-element-56557b3 e-flex e-con-boxed e-con e-parent\" data-id=\"56557b3\" data-element_type=\"container\">\n\t\t\t\t\t<div class=\"e-con-inner\">\n\t\t\t\t<div class=\"elementor-element elementor-element-ca6f273 elementor-widget elementor-widget-heading\" data-id=\"ca6f273\" data-element_type=\"widget\" data-widget_type=\"heading.default\">\n\t\t\t\t<div class=\"elementor-widget-container\">\n\t\t\t\t\t<h4 class=\"elementor-heading-title elementor-size-default\">Our latest videos:<\/h4>\t\t\t\t<\/div>\n\t\t\t\t<\/div>\n\t\t\t\t\t<\/div>\n\t\t\t\t<\/div>\n\t\t<div class=\"elementor-element elementor-element-b026a75 e-flex e-con-boxed e-con e-parent\" data-id=\"b026a75\" data-element_type=\"container\">\n\t\t\t\t\t<div class=\"e-con-inner\">\n\t\t<div class=\"elementor-element elementor-element-25bd37e e-con-full e-flex e-con e-child\" data-id=\"25bd37e\" data-element_type=\"container\">\n\t\t\t\t<div class=\"elementor-element elementor-element-7824158 elementor-widget elementor-widget-video\" data-id=\"7824158\" data-element_type=\"widget\" data-settings=\"{&quot;youtube_url&quot;:&quot;https:\\\/\\\/www.youtube.com\\\/watch?v=yejEMIB0tjs&quot;,&quot;video_type&quot;:&quot;youtube&quot;,&quot;controls&quot;:&quot;yes&quot;}\" data-widget_type=\"video.default\">\n\t\t\t\t<div class=\"elementor-widget-container\">\n\t\t\t\t\t\t\t<div class=\"elementor-wrapper elementor-open-inline\">\n\t\t\t<div class=\"elementor-video\"><\/div>\t\t<\/div>\n\t\t\t\t\t\t<\/div>\n\t\t\t\t<\/div>\n\t\t\t\t<\/div>\n\t\t<div class=\"elementor-element elementor-element-6efe2df e-con-full e-flex e-con e-child\" data-id=\"6efe2df\" data-element_type=\"container\">\n\t\t\t\t<div class=\"elementor-element elementor-element-bc1482e elementor-widget elementor-widget-video\" data-id=\"bc1482e\" data-element_type=\"widget\" data-settings=\"{&quot;youtube_url&quot;:&quot;https:\\\/\\\/www.youtube.com\\\/watch?v=pn_RNzewwjw&amp;t=5s&quot;,&quot;video_type&quot;:&quot;youtube&quot;,&quot;controls&quot;:&quot;yes&quot;}\" data-widget_type=\"video.default\">\n\t\t\t\t<div class=\"elementor-widget-container\">\n\t\t\t\t\t\t\t<div class=\"elementor-wrapper elementor-open-inline\">\n\t\t\t<div class=\"elementor-video\"><\/div>\t\t<\/div>\n\t\t\t\t\t\t<\/div>\n\t\t\t\t<\/div>\n\t\t\t\t<\/div>\n\t\t<div class=\"elementor-element elementor-element-51e4863 e-con-full e-flex e-con e-child\" data-id=\"51e4863\" data-element_type=\"container\">\n\t\t\t\t<div class=\"elementor-element elementor-element-613a067 elementor-widget elementor-widget-video\" data-id=\"613a067\" data-element_type=\"widget\" data-settings=\"{&quot;youtube_url&quot;:&quot;https:\\\/\\\/www.youtube.com\\\/watch?v=e108mpxpvBc&quot;,&quot;video_type&quot;:&quot;youtube&quot;,&quot;controls&quot;:&quot;yes&quot;}\" data-widget_type=\"video.default\">\n\t\t\t\t<div class=\"elementor-widget-container\">\n\t\t\t\t\t\t\t<div class=\"elementor-wrapper elementor-open-inline\">\n\t\t\t<div class=\"elementor-video\"><\/div>\t\t<\/div>\n\t\t\t\t\t\t<\/div>\n\t\t\t\t<\/div>\n\t\t\t\t<\/div>\n\t\t<div class=\"elementor-element elementor-element-2ccbbc2 e-con-full e-flex e-con e-child\" data-id=\"2ccbbc2\" data-element_type=\"container\">\n\t\t\t\t<div class=\"elementor-element elementor-element-8a8e557 elementor-widget elementor-widget-video\" data-id=\"8a8e557\" data-element_type=\"widget\" data-settings=\"{&quot;youtube_url&quot;:&quot;https:\\\/\\\/www.youtube.com\\\/watch?v=o-2vgQXPscw&quot;,&quot;video_type&quot;:&quot;youtube&quot;,&quot;controls&quot;:&quot;yes&quot;}\" data-widget_type=\"video.default\">\n\t\t\t\t<div class=\"elementor-widget-container\">\n\t\t\t\t\t\t\t<div class=\"elementor-wrapper elementor-open-inline\">\n\t\t\t<div class=\"elementor-video\"><\/div>\t\t<\/div>\n\t\t\t\t\t\t<\/div>\n\t\t\t\t<\/div>\n\t\t\t\t<\/div>\n\t\t<div class=\"elementor-element elementor-element-c5cfe17 e-con-full e-flex e-con e-child\" data-id=\"c5cfe17\" data-element_type=\"container\">\n\t\t\t\t<div class=\"elementor-element elementor-element-1f44097 elementor-widget elementor-widget-video\" data-id=\"1f44097\" data-element_type=\"widget\" data-settings=\"{&quot;youtube_url&quot;:&quot;https:\\\/\\\/www.youtube.com\\\/watch?v=ttyX6kYfZOo&quot;,&quot;video_type&quot;:&quot;youtube&quot;,&quot;controls&quot;:&quot;yes&quot;}\" data-widget_type=\"video.default\">\n\t\t\t\t<div class=\"elementor-widget-container\">\n\t\t\t\t\t\t\t<div class=\"elementor-wrapper elementor-open-inline\">\n\t\t\t<div class=\"elementor-video\"><\/div>\t\t<\/div>\n\t\t\t\t\t\t<\/div>\n\t\t\t\t<\/div>\n\t\t\t\t<\/div>\n\t\t<div class=\"elementor-element elementor-element-6d4c810 e-con-full e-flex e-con e-child\" data-id=\"6d4c810\" data-element_type=\"container\">\n\t\t\t\t<div class=\"elementor-element elementor-element-f0bcbc3 elementor-widget elementor-widget-video\" data-id=\"f0bcbc3\" data-element_type=\"widget\" data-settings=\"{&quot;youtube_url&quot;:&quot;https:\\\/\\\/www.youtube.com\\\/watch?v=TouTtX5z4P8&quot;,&quot;video_type&quot;:&quot;youtube&quot;,&quot;controls&quot;:&quot;yes&quot;}\" data-widget_type=\"video.default\">\n\t\t\t\t<div class=\"elementor-widget-container\">\n\t\t\t\t\t\t\t<div class=\"elementor-wrapper elementor-open-inline\">\n\t\t\t<div class=\"elementor-video\"><\/div>\t\t<\/div>\n\t\t\t\t\t\t<\/div>\n\t\t\t\t<\/div>\n\t\t\t\t<\/div>\n\t\t\t\t\t<\/div>\n\t\t\t\t<\/div>\n\t\t<div class=\"elementor-element elementor-element-ac65e6c e-flex e-con-boxed e-con e-parent\" data-id=\"ac65e6c\" data-element_type=\"container\">\n\t\t\t\t\t<div class=\"e-con-inner\">\n\t\t\t\t<div class=\"elementor-element elementor-element-1b54d86 elementor-widget elementor-widget-heading\" data-id=\"1b54d86\" data-element_type=\"widget\" data-widget_type=\"heading.default\">\n\t\t\t\t<div class=\"elementor-widget-container\">\n\t\t\t\t\t<h3 class=\"elementor-heading-title elementor-size-default\">Full CentrumTV video archive available <\/h3>\t\t\t\t<\/div>\n\t\t\t\t<\/div>\n\t\t\t\t\t<\/div>\n\t\t\t\t<\/div>\n\t\t<div class=\"elementor-element elementor-element-95e2177 e-flex e-con-boxed e-con e-parent\" data-id=\"95e2177\" data-element_type=\"container\">\n\t\t\t\t\t<div class=\"e-con-inner\">\n\t\t\t\t<div class=\"elementor-element elementor-element-c0b4678 elementor-widget elementor-widget-heading\" data-id=\"c0b4678\" data-element_type=\"widget\" data-widget_type=\"heading.default\">\n\t\t\t\t<div class=\"elementor-widget-container\">\n\t\t\t\t\t<h3 class=\"elementor-heading-title elementor-size-default\"><a href=\"https:\/\/www.youtube.com\/@CentrumTvElo\/videos\" target=\"_blank\">by clicking here<\/a><\/h3>\t\t\t\t<\/div>\n\t\t\t\t<\/div>\n\t\t\t\t\t<\/div>\n\t\t\t\t<\/div>\n\t\t<div class=\"elementor-element elementor-element-4bd14f5 e-flex e-con-boxed e-con e-parent\" data-id=\"4bd14f5\" data-element_type=\"container\">\n\t\t\t\t\t<div class=\"e-con-inner\">\n\t\t\t\t<div class=\"elementor-element elementor-element-9997469 elementor-widget-divider--view-line elementor-widget elementor-widget-divider\" data-id=\"9997469\" data-element_type=\"widget\" data-widget_type=\"divider.default\">\n\t\t\t\t<div class=\"elementor-widget-container\">\n\t\t\t\t\t\t\t<div class=\"elementor-divider\">\n\t\t\t<span class=\"elementor-divider-separator\">\n\t\t\t\t\t\t<\/span>\n\t\t<\/div>\n\t\t\t\t\t\t<\/div>\n\t\t\t\t<\/div>\n\t\t\t\t\t<\/div>\n\t\t\t\t<\/div>\n\t\t<div class=\"elementor-element elementor-element-e8853dc e-flex e-con-boxed e-con e-parent\" data-id=\"e8853dc\" data-element_type=\"container\">\n\t\t\t\t\t<div class=\"e-con-inner\">\n\t\t<div class=\"elementor-element elementor-element-10b1537 e-con-full e-flex e-con e-child\" data-id=\"10b1537\" data-element_type=\"container\">\n\t\t\t\t<div class=\"elementor-element elementor-element-2a72e4b elementor-widget elementor-widget-heading\" data-id=\"2a72e4b\" data-element_type=\"widget\" data-widget_type=\"heading.default\">\n\t\t\t\t<div class=\"elementor-widget-container\">\n\t\t\t\t\t<h4 class=\"elementor-heading-title elementor-size-default\">A retrospective on the 75th anniversary of Hungarian-Chinese diplomatic relations: <\/h4>\t\t\t\t<\/div>\n\t\t\t\t<\/div>\n\t\t\t\t<\/div>\n\t\t\t\t\t<\/div>\n\t\t\t\t<\/div>\n\t\t<div class=\"elementor-element elementor-element-15cab6e e-flex e-con-boxed e-con e-parent\" data-id=\"15cab6e\" data-element_type=\"container\">\n\t\t\t\t\t<div class=\"e-con-inner\">\n\t\t\t\t<div class=\"elementor-element elementor-element-53d8eb6 elementor-widget elementor-widget-video\" data-id=\"53d8eb6\" data-element_type=\"widget\" data-settings=\"{&quot;youtube_url&quot;:&quot;https:\\\/\\\/youtu.be\\\/kyleGv-4kJs?si=Ea15sBBP0Wp09Cjd&quot;,&quot;video_type&quot;:&quot;youtube&quot;,&quot;controls&quot;:&quot;yes&quot;}\" data-widget_type=\"video.default\">\n\t\t\t\t<div class=\"elementor-widget-container\">\n\t\t\t\t\t\t\t<div class=\"elementor-wrapper elementor-open-inline\">\n\t\t\t<div class=\"elementor-video\"><\/div>\t\t<\/div>\n\t\t\t\t\t\t<\/div>\n\t\t\t\t<\/div>\n\t\t\t\t\t<\/div>\n\t\t\t\t<\/div>\n\t\t\t\t<\/div>","protected":false},"excerpt":{"rendered":"<p>Legfrissebb vide\u00f3ink: https:\/\/www.youtube.com\/watch?v=yejEMIB0tjshttps:\/\/www.youtube.com\/watch?v=pn_RNzewwjw&#038;t=5shttps:\/\/www.youtube.com\/watch?v=e108mpxpvBchttps:\/\/www.youtube.com\/watch?v=o-2vgQXPscwhttps:\/\/www.youtube.com\/watch?v=ttyX6kYfZOohttps:\/\/www.youtube.com\/watch?v=TouTtX5z4P8 A CentrumTV teljes vide\u00f3s arch\u00edvuma el\u00e9rhet\u0151 ide kattintva Visszatekint\u00e9s a magyar-k\u00ednai diplom\u00e1ciai kapcsolatok 75. \u00e9vfordul\u00f3j\u00e1n:<\/p>","protected":false},"author":2,"featured_media":0,"parent":0,"menu_order":0,"comment_status":"closed","ping_status":"closed","template":"","meta":{"footnotes":""},"class_list":["post-1033","page","type-page","status-publish"],"_links":{"self":[{"href":"https:\/\/tv10kobanya.hu\/en\/wp-json\/wp\/v2\/pages\/1033","targetHints":{"allow":["GET"]}}],"collection":[{"href":"https:\/\/tv10kobanya.hu\/en\/wp-json\/wp\/v2\/pages"}],"about":[{"href":"https:\/\/tv10kobanya.hu\/en\/wp-json\/wp\/v2\/types\/page"}],"author":[{"embeddable":true,"href":"https:\/\/tv10kobanya.hu\/en\/wp-json\/wp\/v2\/users\/2"}],"replies":[{"embeddable":true,"href":"https:\/\/tv10kobanya.hu\/en\/wp-json\/wp\/v2\/comments?post=1033"}],"version-history":[{"count":31,"href":"https:\/\/tv10kobanya.hu\/en\/wp-json\/wp\/v2\/pages\/1033\/revisions"}],"predecessor-version":[{"id":1700,"href":"https:\/\/tv10kobanya.hu\/en\/wp-json\/wp\/v2\/pages\/1033\/revisions\/1700"}],"wp:attachment":[{"href":"https:\/\/tv10kobanya.hu\/en\/wp-json\/wp\/v2\/media?parent=1033"}],"curies":[{"name":"wp","href":"https:\/\/api.w.org\/{rel}","templated":true}]}}